{"id":13,"date":"2017-07-11T06:30:11","date_gmt":"2017-07-11T06:30:11","guid":{"rendered":"http:\/\/arcarecicladores.com\/index.php\/services\/"},"modified":"2023-04-13T03:42:34","modified_gmt":"2023-04-13T03:42:34","slug":"services","status":"publish","type":"page","link":"https:\/\/arcarecicladores.com\/index.php\/services\/","title":{"rendered":"Services"},"content":{"rendered":"\t\t<div data-elementor-type=\"wp-post\" data-elementor-id=\"13\" class=\"elementor elementor-13\" data-elementor-settings=\"[]\">\n\t\t\t\t\t\t\t<div class=\"elementor-section-wrap\">\n\t\t\t\t\t\t\t<section class=\"elementor-section elementor-top-section elementor-element elementor-element-2583949 elementor-section-boxed elementor-section-height-default elementor-section-height-default\" data-id=\"2583949\" data-element_type=\"section\" data-settings=\"{&quot;background_background&quot;:&quot;classic&quot;}\">\n\t\t\t\t\t\t\t<div class=\"elementor-background-overlay\"><\/div>\n\t\t\t\t\t\t\t<div class=\"elementor-container elementor-column-gap-no\">\n\t\t\t\t\t<div class=\"elementor-column elementor-col-100 elementor-top-column elementor-element elementor-element-04cde6b\" data-id=\"04cde6b\" data-element_type=\"column\">\n\t\t\t<div class=\"elementor-widget-wrap elementor-element-populated\">\n\t\t\t\t\t\t\t\t<div class=\"elementor-element elementor-element-6b91469 elementor-widget elementor-widget-heading\" data-id=\"6b91469\" data-element_type=\"widget\" data-widget_type=\"heading.default\">\n\t\t\t\t<div class=\"elementor-widget-container\">\n\t\t\t<h1 class=\"elementor-heading-title elementor-size-default\">Normatividad<\/h1>\t\t<\/div>\n\t\t\t\t<\/div>\n\t\t\t\t<div class=\"elementor-element elementor-element-f8e888d elementor-widget elementor-widget-spacer\" data-id=\"f8e888d\" data-element_type=\"widget\" data-widget_type=\"spacer.default\">\n\t\t\t\t<div class=\"elementor-widget-container\">\n\t\t\t\t\t<div class=\"elementor-spacer\">\n\t\t\t<div class=\"elementor-spacer-inner\"><\/div>\n\t\t<\/div>\n\t\t\t\t<\/div>\n\t\t\t\t<\/div>\n\t\t\t\t\t<\/div>\n\t\t<\/div>\n\t\t\t\t\t\t\t<\/div>\n\t\t<\/section>\n\t\t\t\t<section class=\"elementor-section elementor-top-section elementor-element elementor-element-3b64b8d elementor-section-boxed elementor-section-height-default elementor-section-height-default\" data-id=\"3b64b8d\" data-element_type=\"section\">\n\t\t\t\t\t\t<div class=\"elementor-container elementor-column-gap-default\">\n\t\t\t\t\t<div class=\"elementor-column elementor-col-100 elementor-top-column elementor-element elementor-element-2b67721\" data-id=\"2b67721\" data-element_type=\"column\">\n\t\t\t<div class=\"elementor-widget-wrap\">\n\t\t\t\t\t\t\t\t\t<\/div>\n\t\t<\/div>\n\t\t\t\t\t\t\t<\/div>\n\t\t<\/section>\n\t\t\t\t<section class=\"elementor-section elementor-top-section elementor-element elementor-element-feca7da elementor-section-boxed elementor-section-height-default elementor-section-height-default\" data-id=\"feca7da\" data-element_type=\"section\">\n\t\t\t\t\t\t<div class=\"elementor-container elementor-column-gap-default\">\n\t\t\t\t\t<div class=\"elementor-column elementor-col-100 elementor-top-column elementor-element elementor-element-cd5e54a\" data-id=\"cd5e54a\" data-element_type=\"column\">\n\t\t\t<div class=\"elementor-widget-wrap elementor-element-populated\">\n\t\t\t\t\t\t\t\t<div class=\"elementor-element elementor-element-49c85bb elementor-widget elementor-widget-heading\" data-id=\"49c85bb\" data-element_type=\"widget\" data-widget_type=\"heading.default\">\n\t\t\t\t<div class=\"elementor-widget-container\">\n\t\t\t<h4 class=\"elementor-heading-title elementor-size-default\">Documentos de normatividad<\/h4>\t\t<\/div>\n\t\t\t\t<\/div>\n\t\t\t\t<div class=\"elementor-element elementor-element-ebfa1c8 elementor-widget elementor-widget-text-editor\" data-id=\"ebfa1c8\" data-element_type=\"widget\" data-widget_type=\"text-editor.default\">\n\t\t\t\t<div class=\"elementor-widget-container\">\n\t\t\t\t\t\t\t<div class=\"vc_row wpb_row vc_row-fluid\"><div class=\"wpb_column vc_column_container vc_col-sm-12\"><div class=\"vc_column-inner \"><div class=\"wpb_wrapper\"><div class=\"wpb_text_column wpb_content_element  vc_custom_1569462629657\"><div class=\"wpb_wrapper\"><h6 style=\"text-align: center;\">Puede seleccionar y descargar los reportes que se encuentran a continuaci\u00f3n:<\/h6><\/div><\/div><\/div><\/div><\/div><\/div>\t\t\t\t\t\t<\/div>\n\t\t\t\t<\/div>\n\t\t\t\t<div class=\"elementor-element elementor-element-0ee9236 elementor-tabs-view-vertical elementor-widget elementor-widget-tabs\" data-id=\"0ee9236\" data-element_type=\"widget\" data-widget_type=\"tabs.default\">\n\t\t\t\t<div class=\"elementor-widget-container\">\n\t\t\t\t\t<div class=\"elementor-tabs\">\n\t\t\t<div class=\"elementor-tabs-wrapper\" role=\"tablist\" >\n\t\t\t\t\t\t\t\t\t<div id=\"elementor-tab-title-1561\" class=\"elementor-tab-title elementor-tab-desktop-title\" aria-selected=\"true\" data-tab=\"1\" role=\"tab\" tabindex=\"0\" aria-controls=\"elementor-tab-content-1561\" aria-expanded=\"false\">Cajic\u00e1<\/div>\n\t\t\t\t\t\t\t\t\t<div id=\"elementor-tab-title-1562\" class=\"elementor-tab-title elementor-tab-desktop-title\" aria-selected=\"false\" data-tab=\"2\" role=\"tab\" tabindex=\"-1\" aria-controls=\"elementor-tab-content-1562\" aria-expanded=\"false\">Tabio<\/div>\n\t\t\t\t\t\t\t\t\t<div id=\"elementor-tab-title-1563\" class=\"elementor-tab-title elementor-tab-desktop-title\" aria-selected=\"false\" data-tab=\"3\" role=\"tab\" tabindex=\"-1\" aria-controls=\"elementor-tab-content-1563\" aria-expanded=\"false\">Tenjo<\/div>\n\t\t\t\t\t\t\t<\/div>\n\t\t\t<div class=\"elementor-tabs-content-wrapper\" role=\"tablist\" aria-orientation=\"vertical\">\n\t\t\t\t\t\t\t\t\t<div class=\"elementor-tab-title elementor-tab-mobile-title\" aria-selected=\"true\" data-tab=\"1\" role=\"tab\" tabindex=\"0\" aria-controls=\"elementor-tab-content-1561\" aria-expanded=\"false\">Cajic\u00e1<\/div>\n\t\t\t\t\t<div id=\"elementor-tab-content-1561\" class=\"elementor-tab-content elementor-clearfix\" data-tab=\"1\" role=\"tabpanel\" aria-labelledby=\"elementor-tab-title-1561\" tabindex=\"0\" hidden=\"false\"><h5 style=\"text-align: center;\"><strong><span style=\"vertical-align: inherit;\"><span style=\"vertical-align: inherit;\">Concepto de legalidad | <\/span><span style=\"vertical-align: inherit;\">Cajic\u00e1<\/span><\/span><\/strong><\/h5><iframe loading=\"lazy\" class=\"pdfjs-viewer\" width=\"600px\" height=\"600px\" src=\"https:\/\/arcarecicladores.com\/wp-content\/plugins\/pdf-viewer\/stable\/web\/viewer.html?file=http:\/\/arcarecicladores.com\/wp-content\/uploads\/2022\/12\/CCU-CAJICA-1.pdf\"><\/iframe> <\/div>\n\t\t\t\t\t\t\t\t\t<div class=\"elementor-tab-title elementor-tab-mobile-title\" aria-selected=\"false\" data-tab=\"2\" role=\"tab\" tabindex=\"-1\" aria-controls=\"elementor-tab-content-1562\" aria-expanded=\"false\">Tabio<\/div>\n\t\t\t\t\t<div id=\"elementor-tab-content-1562\" class=\"elementor-tab-content elementor-clearfix\" data-tab=\"2\" role=\"tabpanel\" aria-labelledby=\"elementor-tab-title-1562\" tabindex=\"0\" hidden=\"hidden\"><h5 style=\"text-align: center;\"><strong>Concepto de legalidad | Tabio<\/strong><\/h5><iframe loading=\"lazy\" class=\"pdfjs-viewer\" width=\"600px\" height=\"600px\" src=\"https:\/\/arcarecicladores.com\/wp-content\/plugins\/pdf-viewer\/stable\/web\/viewer.html?file=http:\/\/arcarecicladores.com\/wp-content\/uploads\/2022\/12\/CCU-TABIO.pdf\"><\/iframe> <\/div>\n\t\t\t\t\t\t\t\t\t<div class=\"elementor-tab-title elementor-tab-mobile-title\" aria-selected=\"false\" data-tab=\"3\" role=\"tab\" tabindex=\"-1\" aria-controls=\"elementor-tab-content-1563\" aria-expanded=\"false\">Tenjo<\/div>\n\t\t\t\t\t<div id=\"elementor-tab-content-1563\" class=\"elementor-tab-content elementor-clearfix\" data-tab=\"3\" role=\"tabpanel\" aria-labelledby=\"elementor-tab-title-1563\" tabindex=\"0\" hidden=\"hidden\"><h5 style=\"text-align: center;\"><strong>Concepto de legalidad | Tenjo<\/strong><\/h5><iframe loading=\"lazy\" class=\"pdfjs-viewer\" width=\"600px\" height=\"600px\" src=\"https:\/\/arcarecicladores.com\/wp-content\/plugins\/pdf-viewer\/stable\/web\/viewer.html?file=http:\/\/arcarecicladores.com\/wp-content\/uploads\/2022\/12\/CCU-TENJO.pdf\"><\/iframe> <\/div>\n\t\t\t\t\t\t\t<\/div>\n\t\t<\/div>\n\t\t\t\t<\/div>\n\t\t\t\t<\/div>\n\t\t\t\t<div class=\"elementor-element elementor-element-ba06e74 elementor-widget elementor-widget-heading\" data-id=\"ba06e74\" data-element_type=\"widget\" data-widget_type=\"heading.default\">\n\t\t\t\t<div class=\"elementor-widget-container\">\n\t\t\t<h4 class=\"elementor-heading-title elementor-size-default\">Normas<\/h4>\t\t<\/div>\n\t\t\t\t<\/div>\n\t\t\t\t<div class=\"elementor-element elementor-element-837cdb5 elementor-tabs-alignment-center elementor-tabs-view-horizontal elementor-widget elementor-widget-tabs\" data-id=\"837cdb5\" data-element_type=\"widget\" data-widget_type=\"tabs.default\">\n\t\t\t\t<div class=\"elementor-widget-container\">\n\t\t\t\t\t<div class=\"elementor-tabs\">\n\t\t\t<div class=\"elementor-tabs-wrapper\" role=\"tablist\" >\n\t\t\t\t\t\t\t\t\t<div id=\"elementor-tab-title-1371\" class=\"elementor-tab-title elementor-tab-desktop-title\" aria-selected=\"true\" data-tab=\"1\" role=\"tab\" tabindex=\"0\" aria-controls=\"elementor-tab-content-1371\" aria-expanded=\"false\">Resoluci\u00f3n CRA 720\/2015<\/div>\n\t\t\t\t\t\t\t\t\t<div id=\"elementor-tab-title-1372\" class=\"elementor-tab-title elementor-tab-desktop-title\" aria-selected=\"false\" data-tab=\"2\" role=\"tab\" tabindex=\"-1\" aria-controls=\"elementor-tab-content-1372\" aria-expanded=\"false\">Decreto 596\/2016<\/div>\n\t\t\t\t\t\t\t\t\t<div id=\"elementor-tab-title-1373\" class=\"elementor-tab-title elementor-tab-desktop-title\" aria-selected=\"false\" data-tab=\"3\" role=\"tab\" tabindex=\"-1\" aria-controls=\"elementor-tab-content-1373\" aria-expanded=\"false\">Decreto 1077\/2015<\/div>\n\t\t\t\t\t\t\t<\/div>\n\t\t\t<div class=\"elementor-tabs-content-wrapper\" role=\"tablist\" aria-orientation=\"vertical\">\n\t\t\t\t\t\t\t\t\t<div class=\"elementor-tab-title elementor-tab-mobile-title\" aria-selected=\"true\" data-tab=\"1\" role=\"tab\" tabindex=\"0\" aria-controls=\"elementor-tab-content-1371\" aria-expanded=\"false\">Resoluci\u00f3n CRA 720\/2015<\/div>\n\t\t\t\t\t<div id=\"elementor-tab-content-1371\" class=\"elementor-tab-content elementor-clearfix\" data-tab=\"1\" role=\"tabpanel\" aria-labelledby=\"elementor-tab-title-1371\" tabindex=\"0\" hidden=\"false\"><iframe loading=\"lazy\" class=\"pdfjs-viewer\" width=\"600px\" height=\"600px\" src=\"https:\/\/arcarecicladores.com\/wp-content\/plugins\/pdf-viewer\/stable\/web\/viewer.html?file=http:\/\/arcarecicladores.com\/wp-content\/uploads\/2022\/12\/RESOLUCION-CRA-720-2015.pdf\"><\/iframe> <\/div>\n\t\t\t\t\t\t\t\t\t<div class=\"elementor-tab-title elementor-tab-mobile-title\" aria-selected=\"false\" data-tab=\"2\" role=\"tab\" tabindex=\"-1\" aria-controls=\"elementor-tab-content-1372\" aria-expanded=\"false\">Decreto 596\/2016<\/div>\n\t\t\t\t\t<div id=\"elementor-tab-content-1372\" class=\"elementor-tab-content elementor-clearfix\" data-tab=\"2\" role=\"tabpanel\" aria-labelledby=\"elementor-tab-title-1372\" tabindex=\"0\" hidden=\"hidden\"><iframe loading=\"lazy\" class=\"pdfjs-viewer\" width=\"600px\" height=\"600px\" src=\"https:\/\/arcarecicladores.com\/wp-content\/plugins\/pdf-viewer\/stable\/web\/viewer.html?file=http:\/\/arcarecicladores.com\/wp-content\/uploads\/2022\/12\/DECRETO-596-2016.pdf\"><\/iframe> <p>\u00a0<\/p><\/div>\n\t\t\t\t\t\t\t\t\t<div class=\"elementor-tab-title elementor-tab-mobile-title\" aria-selected=\"false\" data-tab=\"3\" role=\"tab\" tabindex=\"-1\" aria-controls=\"elementor-tab-content-1373\" aria-expanded=\"false\">Decreto 1077\/2015<\/div>\n\t\t\t\t\t<div id=\"elementor-tab-content-1373\" class=\"elementor-tab-content elementor-clearfix\" data-tab=\"3\" role=\"tabpanel\" aria-labelledby=\"elementor-tab-title-1373\" tabindex=\"0\" hidden=\"hidden\"><iframe loading=\"lazy\" class=\"pdfjs-viewer\" width=\"600px\" height=\"600px\" src=\"https:\/\/arcarecicladores.com\/wp-content\/plugins\/pdf-viewer\/stable\/web\/viewer.html?file=http:\/\/arcarecicladores.com\/wp-content\/uploads\/2022\/12\/DECRETO-1077-2015.pdf\"><\/iframe> \n\n<\/div>\n\t\t\t\t\t\t\t<\/div>\n\t\t<\/div>\n\t\t\t\t<\/div>\n\t\t\t\t<\/div>\n\t\t\t\t\t<\/div>\n\t\t<\/div>\n\t\t\t\t\t\t\t<\/div>\n\t\t<\/section>\n\t\t\t\t<section class=\"elementor-section elementor-top-section elementor-element elementor-element-16f45e1 elementor-section-content-middle elementor-section-boxed elementor-section-height-default elementor-section-height-default\" data-id=\"16f45e1\" data-element_type=\"section\" data-settings=\"{&quot;background_background&quot;:&quot;classic&quot;}\">\n\t\t\t\t\t\t\t<div class=\"elementor-background-overlay\"><\/div>\n\t\t\t\t\t\t\t<div class=\"elementor-container elementor-column-gap-no\">\n\t\t\t\t\t<div class=\"elementor-column elementor-col-100 elementor-top-column elementor-element elementor-element-1a12bf6\" data-id=\"1a12bf6\" data-element_type=\"column\">\n\t\t\t<div class=\"elementor-widget-wrap elementor-element-populated\">\n\t\t\t\t\t\t\t\t<div class=\"elementor-element elementor-element-8231edc elementor-widget elementor-widget-image\" data-id=\"8231edc\" data-element_type=\"widget\" data-widget_type=\"image.default\">\n\t\t\t\t<div class=\"elementor-widget-container\">\n\t\t\t\t\t\t\t\t\t\t\t\t\t\t\t<img decoding=\"async\" width=\"300\" height=\"300\" src=\"https:\/\/arcarecicladores.com\/wp-content\/uploads\/2022\/12\/Recycling-bro-300x300.png\" class=\"attachment-medium size-medium\" alt=\"\" loading=\"lazy\" srcset=\"https:\/\/arcarecicladores.com\/wp-content\/uploads\/2022\/12\/Recycling-bro-300x300.png 300w, https:\/\/arcarecicladores.com\/wp-content\/uploads\/2022\/12\/Recycling-bro-1024x1024.png 1024w, https:\/\/arcarecicladores.com\/wp-content\/uploads\/2022\/12\/Recycling-bro-150x150.png 150w, https:\/\/arcarecicladores.com\/wp-content\/uploads\/2022\/12\/Recycling-bro-768x768.png 768w, https:\/\/arcarecicladores.com\/wp-content\/uploads\/2022\/12\/Recycling-bro-1536x1536.png 1536w, https:\/\/arcarecicladores.com\/wp-content\/uploads\/2022\/12\/Recycling-bro.png 2000w\" sizes=\"(max-width: 300px) 100vw, 300px\" \/>\t\t\t\t\t\t\t\t\t\t\t\t\t\t\t<\/div>\n\t\t\t\t<\/div>\n\t\t\t\t\t<\/div>\n\t\t<\/div>\n\t\t\t\t\t\t\t<\/div>\n\t\t<\/section>\n\t\t\t\t\t\t<\/div>\n\t\t\t\t\t<\/div>\n\t\t","protected":false},"excerpt":{"rendered":"<p>Normatividad Documentos de normatividad Puede seleccionar y descargar los reportes que se encuentran a continuaci\u00f3n: Cajic\u00e1 Tabio Tenjo Cajic\u00e1 Concepto de legalidad | Cajic\u00e1 Tabio Concepto de legalidad | Tabio Tenjo Concepto de legalidad | Tenjo Normas Resoluci\u00f3n CRA 720\/2015 Decreto 596\/2016 Decreto 1077\/2015 Resoluci\u00f3n CRA 720\/2015 Decreto 596\/2016 \u00a0 Decreto 1077\/2015<\/p>\n","protected":false},"author":0,"featured_media":0,"parent":0,"menu_order":0,"comment_status":"closed","ping_status":"closed","template":"","meta":{"om_disable_all_campaigns":false,"_mi_skip_tracking":false,"site-sidebar-layout":"no-sidebar","site-content-layout":"page-builder","ast-global-header-display":"","ast-main-header-display":"","ast-hfb-above-header-display":"","ast-hfb-below-header-display":"","ast-hfb-mobile-header-display":"","site-post-title":"disabled","ast-breadcrumbs-content":"","ast-featured-img":"disabled","footer-sml-layout":"","theme-transparent-header-meta":"enabled","adv-header-id-meta":"","stick-header-meta":"","header-above-stick-meta":"","header-main-stick-meta":"","header-below-stick-meta":""},"aioseo_notices":[],"_links":{"self":[{"href":"https:\/\/arcarecicladores.com\/index.php\/wp-json\/wp\/v2\/pages\/13"}],"collection":[{"href":"https:\/\/arcarecicladores.com\/index.php\/wp-json\/wp\/v2\/pages"}],"about":[{"href":"https:\/\/arcarecicladores.com\/index.php\/wp-json\/wp\/v2\/types\/page"}],"replies":[{"embeddable":true,"href":"https:\/\/arcarecicladores.com\/index.php\/wp-json\/wp\/v2\/comments?post=13"}],"version-history":[{"count":205,"href":"https:\/\/arcarecicladores.com\/index.php\/wp-json\/wp\/v2\/pages\/13\/revisions"}],"predecessor-version":[{"id":2633,"href":"https:\/\/arcarecicladores.com\/index.php\/wp-json\/wp\/v2\/pages\/13\/revisions\/2633"}],"wp:attachment":[{"href":"https:\/\/arcarecicladores.com\/index.php\/wp-json\/wp\/v2\/media?parent=13"}],"curies":[{"name":"wp","href":"https:\/\/api.w.org\/{rel}","templated":true}]}}